{"id":511,"date":"2023-06-21T11:04:53","date_gmt":"2023-06-21T11:04:53","guid":{"rendered":"https:\/\/www.nerding.at\/indigo_hyphae\/?page_id=511"},"modified":"2025-04-04T10:53:13","modified_gmt":"2025-04-04T10:53:13","slug":"how-to-take-indigo-hyphae","status":"publish","type":"page","link":"https:\/\/www.nerding.at\/indigo_hyphae\/how-to-take-indigo-hyphae\/","title":{"rendered":"How To Take Indigo Hyphae"},"content":{"rendered":"\n<link href=\"\/indigo_hyphae\/indigo\/wp-content\/indigo.css\" rel=\"stylesheet\">\n<link href=\"\/indigo_hyphae\/indigo\/wp-content\/pagemax.css\" rel=\"stylesheet\">\n<div class=\"flexauto\">\n\n\n\n<figure class=\"wp-block-image size-large\"><img decoding=\"async\" loading=\"lazy\" width=\"2560\" height=\"1440\" src=\"https:\/\/www.nerding.at\/indigo_hyphae\/indigo\/wp-content\/uploads\/IMG_1923-edited-scaled.jpg\" alt=\"disabled\" class=\"wp-image-637\" srcset=\"https:\/\/www.nerding.at\/indigo_hyphae\/indigo\/wp-content\/uploads\/IMG_1923-edited-scaled.jpg 2560w, https:\/\/www.nerding.at\/indigo_hyphae\/indigo\/wp-content\/uploads\/IMG_1923-edited-300x169.jpg 300w, https:\/\/www.nerding.at\/indigo_hyphae\/indigo\/wp-content\/uploads\/IMG_1923-edited-1024x576.jpg 1024w, https:\/\/www.nerding.at\/indigo_hyphae\/indigo\/wp-content\/uploads\/IMG_1923-edited-768x432.jpg 768w, https:\/\/www.nerding.at\/indigo_hyphae\/indigo\/wp-content\/uploads\/IMG_1923-edited-1536x864.jpg 1536w, https:\/\/www.nerding.at\/indigo_hyphae\/indigo\/wp-content\/uploads\/IMG_1923-edited-2048x1152.jpg 2048w\" sizes=\"(max-width: 2560px) 100vw, 2560px\" \/><\/figure>\n\n\n\n<div style=\"height:12px\" aria-hidden=\"true\" class=\"wp-block-spacer\"><\/div>\n\n\n\n<p><strong>Step 1: <\/strong><br>Meet the Indigo Hyphae. They are all different. Have a look and see if there is one that talks to you. Pick the one that you really like.<\/p>\n\n\n\n<p><em>Lernen Sie die Indigo-Hyphen kennen, alle sind unterschiedlich. Begutachten Sie die Hyphen und finden Sie die, die Sie anspricht. W\u00e4hlen Sie aus, was Ihnen wirklich gef\u00e4llt.<\/em><\/p>\n\n\n\n<p><strong>Step 2: <\/strong><br>Place your both hand at the edge of the Hyphae fabric. Ask your inner-self again, if you really want to take this Hyphae with you. Imagine what you will do with this fabric at home. Make your mind.<\/p>\n\n\n\n<p><em>Legen Sie Ihre beiden H\u00e4nde an die Kante des Hyphen-Stoffs und fragen Sie sich noch einmal, ob Sie diese Indigo-Hyphen wirklich mitnehmen m\u00f6chten. Stellen Sie sich vor, was Sie mit diesem Stoff zu Hause machen werden und entscheiden Sie sich.<\/em><\/p>\n\n\n\n<p><strong>Step 3:<\/strong><br>If your decision is confirmed, pull the fabric with your both hand. It will come down to you and now it is ready to travel with you.<\/p>\n\n\n\n<p><em>Wenn Sie mit Ihrer Entscheidung sicher sind, ziehen Sie ruckartig mit beiden H\u00e4nden am Stoff. Die Indigo-Hyphen l\u00f6sen sich und sind nun bereit mit Ihnen zu reisen.<\/em><\/p>\n\n\n\n<figure class=\"wp-block-image size-large\"><img decoding=\"async\" loading=\"lazy\" width=\"2560\" height=\"1440\" src=\"https:\/\/www.nerding.at\/indigo_hyphae\/indigo\/wp-content\/uploads\/IMG_1925-edited-scaled.jpg\" alt=\"\" class=\"wp-image-652\" srcset=\"https:\/\/www.nerding.at\/indigo_hyphae\/indigo\/wp-content\/uploads\/IMG_1925-edited-scaled.jpg 2560w, https:\/\/www.nerding.at\/indigo_hyphae\/indigo\/wp-content\/uploads\/IMG_1925-edited-300x169.jpg 300w, https:\/\/www.nerding.at\/indigo_hyphae\/indigo\/wp-content\/uploads\/IMG_1925-edited-1024x576.jpg 1024w, https:\/\/www.nerding.at\/indigo_hyphae\/indigo\/wp-content\/uploads\/IMG_1925-edited-768x432.jpg 768w, https:\/\/www.nerding.at\/indigo_hyphae\/indigo\/wp-content\/uploads\/IMG_1925-edited-1536x864.jpg 1536w, https:\/\/www.nerding.at\/indigo_hyphae\/indigo\/wp-content\/uploads\/IMG_1925-edited-2048x1152.jpg 2048w\" sizes=\"(max-width: 2560px) 100vw, 2560px\" \/><\/figure>\n\n\n\n<p><strong>Step 4:<\/strong><br>When you reach the destination, for example your home, Take a photo of the Indigo Hyphae with your smart phone. It will be nice if the photo shows some kind of uniqueness of the location (for example river banks, trees&#8230;) This photo will be publicly visible, so please make sure it does not contain things you do not want public to see. <\/p>\n\n\n\n<p><em>Wenn Sie am Ziel angekommen sind, beispielsweise zu Hause, machen Sie mit Ihrem Smartphone ein Foto der Indigo-Hyphen. Es w\u00e4re sch\u00f6n, wenn das Foto eine Einzigartigkeit des Ortes zeigen w\u00fcrde (z. B. Flussufer, B\u00e4ume usw.). Dieses Foto ist \u00f6ffentlich sichtbar. Stellen Sie daher bitte sicher, dass es keine Dinge enth\u00e4lt, die die \u00d6ffentlichkeit nicht sehen soll.<\/em><\/p>\n\n\n\n<figure class=\"wp-block-image size-large\"><img decoding=\"async\" loading=\"lazy\" width=\"1024\" height=\"472\" src=\"https:\/\/www.nerding.at\/indigo_hyphae\/indigo\/wp-content\/uploads\/howto_photo-1024x472.jpg\" alt=\"\" class=\"wp-image-641\" srcset=\"https:\/\/www.nerding.at\/indigo_hyphae\/indigo\/wp-content\/uploads\/howto_photo-1024x472.jpg 1024w, https:\/\/www.nerding.at\/indigo_hyphae\/indigo\/wp-content\/uploads\/howto_photo-300x138.jpg 300w, https:\/\/www.nerding.at\/indigo_hyphae\/indigo\/wp-content\/uploads\/howto_photo-768x354.jpg 768w, https:\/\/www.nerding.at\/indigo_hyphae\/indigo\/wp-content\/uploads\/howto_photo-1536x709.jpg 1536w, https:\/\/www.nerding.at\/indigo_hyphae\/indigo\/wp-content\/uploads\/howto_photo-2048x945.jpg 2048w\" sizes=\"(max-width: 1024px) 100vw, 1024px\" \/><\/figure>\n\n\n\n<p><strong>Step 5:<\/strong><br>Scan the QR code sticker on the fabric. This will lead you to the <a rel=\"noreferrer noopener\" href=\"https:\/\/www.nerding.at\/indigo_hyphae\/upload\/\" target=\"_blank\">upload page<\/a> of the Indigo Hyphae. <\/p>\n\n\n\n<p><em>Scannen Sie den QR-Code-Aufkleber auf dem Stoff. Dieser f\u00fchrt Sie zur <a rel=\"noreferrer noopener\" href=\"https:\/\/www.nerding.at\/indigo_hyphae\/upload\/\" target=\"_blank\">Upload-Seite<\/a> der Indigo-Hyphae.<\/em><\/p>\n\n\n\n<figure class=\"wp-block-image size-large\"><img decoding=\"async\" loading=\"lazy\" width=\"1024\" height=\"472\" src=\"https:\/\/www.nerding.at\/indigo_hyphae\/indigo\/wp-content\/uploads\/howto_qrcode-1024x472.jpg\" alt=\"\" class=\"wp-image-640\" srcset=\"https:\/\/www.nerding.at\/indigo_hyphae\/indigo\/wp-content\/uploads\/howto_qrcode-1024x472.jpg 1024w, https:\/\/www.nerding.at\/indigo_hyphae\/indigo\/wp-content\/uploads\/howto_qrcode-300x138.jpg 300w, https:\/\/www.nerding.at\/indigo_hyphae\/indigo\/wp-content\/uploads\/howto_qrcode-768x354.jpg 768w, https:\/\/www.nerding.at\/indigo_hyphae\/indigo\/wp-content\/uploads\/howto_qrcode-1536x708.jpg 1536w, https:\/\/www.nerding.at\/indigo_hyphae\/indigo\/wp-content\/uploads\/howto_qrcode-2048x944.jpg 2048w\" sizes=\"(max-width: 1024px) 100vw, 1024px\" \/><\/figure>\n\n\n\n<p><strong>Step 6:<\/strong><br>Upload the photo following the instruction on the page.<\/p>\n\n\n\n<p><em>Laden Sie das Foto hoch, indem Sie den Anweisungen auf der Seite folgen.<\/em><\/p>\n\n\n\n<figure class=\"wp-block-image size-large\"><img decoding=\"async\" loading=\"lazy\" width=\"2560\" height=\"1440\" src=\"https:\/\/www.nerding.at\/indigo_hyphae\/indigo\/wp-content\/uploads\/IMG_0540-edited-scaled.jpg\" alt=\"\" class=\"wp-image-653\" srcset=\"https:\/\/www.nerding.at\/indigo_hyphae\/indigo\/wp-content\/uploads\/IMG_0540-edited-scaled.jpg 2560w, https:\/\/www.nerding.at\/indigo_hyphae\/indigo\/wp-content\/uploads\/IMG_0540-edited-300x169.jpg 300w, https:\/\/www.nerding.at\/indigo_hyphae\/indigo\/wp-content\/uploads\/IMG_0540-edited-1024x576.jpg 1024w, https:\/\/www.nerding.at\/indigo_hyphae\/indigo\/wp-content\/uploads\/IMG_0540-edited-768x432.jpg 768w, https:\/\/www.nerding.at\/indigo_hyphae\/indigo\/wp-content\/uploads\/IMG_0540-edited-1536x864.jpg 1536w, https:\/\/www.nerding.at\/indigo_hyphae\/indigo\/wp-content\/uploads\/IMG_0540-edited-2048x1152.jpg 2048w\" sizes=\"(max-width: 2560px) 100vw, 2560px\" \/><\/figure>\n\n\n\n<p><strong>Step 7:<\/strong><br>Place your photo on the map where you have taken it. If your photo contained GPS information, it will automatically place it on the location. If not, it will start from the festival location. Drag the map so that the blue dot is at the location you want to place your photo. <\/p>\n\n\n\n<p><em>Platzieren Sie Ihr Foto dort auf der Karte, wo Sie es aufgenommen haben. Wenn Ihr Foto GPS-Informationen enth\u00e4lt, wird es automatisch platziert. Wenn nicht, wird es am Festival platziert. Ziehen Sie die Karte so, dass sich der blaue Punkt an der Stelle befindet, an der Sie Ihr Foto platzieren m\u00f6chten.<\/em> <\/p>\n\n\n\n<figure class=\"wp-block-image size-large\"><img decoding=\"async\" loading=\"lazy\" width=\"2560\" height=\"1440\" src=\"https:\/\/www.nerding.at\/indigo_hyphae\/indigo\/wp-content\/uploads\/IMG_0543-edited-scaled.jpg\" alt=\"\" class=\"wp-image-655\" srcset=\"https:\/\/www.nerding.at\/indigo_hyphae\/indigo\/wp-content\/uploads\/IMG_0543-edited-scaled.jpg 2560w, https:\/\/www.nerding.at\/indigo_hyphae\/indigo\/wp-content\/uploads\/IMG_0543-edited-300x169.jpg 300w, https:\/\/www.nerding.at\/indigo_hyphae\/indigo\/wp-content\/uploads\/IMG_0543-edited-1024x576.jpg 1024w, https:\/\/www.nerding.at\/indigo_hyphae\/indigo\/wp-content\/uploads\/IMG_0543-edited-768x432.jpg 768w, https:\/\/www.nerding.at\/indigo_hyphae\/indigo\/wp-content\/uploads\/IMG_0543-edited-1536x864.jpg 1536w, https:\/\/www.nerding.at\/indigo_hyphae\/indigo\/wp-content\/uploads\/IMG_0543-edited-2048x1152.jpg 2048w\" sizes=\"(max-width: 2560px) 100vw, 2560px\" \/><\/figure>\n\n\n\n<p><strong>Step 8:<br><\/strong>When the posting location is agreeable, press &#8220;Confirm&#8221;. Now your photo is posted to the location you chose. <\/p>\n\n\n\n<p><em>Wenn der Ort f\u00fcr die Ver\u00f6ffentlichung akzeptabel ist, klicken Sie auf \u201eConfirm\u201c. Jetzt wird Ihr Foto an dem von Ihnen gew\u00e4hlten Ort gepostet.<\/em><\/p>\n\n\n\n<p><strong>Step 9:<\/strong><br>Your dot will show up on <a rel=\"noreferrer noopener\" href=\"https:\/\/www.nerding.at\/indigo_hyphae\/map\/\" target=\"_blank\">the map<\/a>, click it to show your photo.<\/p>\n\n\n\n<p><em>Ihr Punkt wird auf <a href=\"https:\/\/www.nerding.at\/indigo_hyphae\/map\/\" target=\"_blank\" rel=\"noreferrer noopener\">der Karte<\/a> angezeigt. Klicken Sie darauf, um Ihr Foto anzuzeigen.<\/em><\/p>\n\n\n\n<p><strong>Step 10: (optional)<\/strong><br>If you make something with the Indigo Hyphae fabric, please take a photo and post it. It would be really nice to see what you did with it!<\/p>\n\n\n\n<p><em>Wenn Sie etwas aus dem Indigo-Hyphae-Stoff herstellen, machen Sie bitte ein Foto und ver\u00f6ffentlichen Sie es. Es w\u00e4re sch\u00f6n zu sehen, was Sie daraus gemacht haben!<\/em><\/p>\n\n\n\n<p><strong>!! The Indigo Hyphae fabrics are dyed with care and washed afterwards. But as the nature of indigo dyed fabric, it releases small amount of indigo when you wash. Please take care when you wash it especially the first times. Perhaps you do not want to wash it with your white T-shirts! <\/strong><\/p>\n\n\n\n<p><strong><em>!! Die Indigo-Hyphae-Stoffe werden sorgf\u00e4ltig gef\u00e4rbt und anschlie\u00dfend gewaschen. Aufgrund des F\u00e4rbeprozesses wird beim Waschen jedoch eine kleine Menge Indigo freigesetzt. Bitte seien Sie beim Waschen vorsichtig, insbesondere beim ersten Mal. Waschen Sie den Stoff das erste Mal nicht mit Ihren wei\u00dfen T-Shirts!<\/em><\/strong><\/p>\n\n\n\n<\/div>\n","protected":false},"excerpt":{"rendered":"<p>Step 1: Meet the Indigo Hyphae. They are all different. Have a look and see if there is one that talks to you. Pick the one that you really like. Lernen Sie die Indigo-Hyphen kennen, alle sind unterschiedlich. Begutachten Sie die Hyphen und finden Sie die, die Sie anspricht. W\u00e4hlen Sie aus, was Ihnen wirklich&hellip;&nbsp;<a href=\"https:\/\/www.nerding.at\/indigo_hyphae\/how-to-take-indigo-hyphae\/\" class=\"\" rel=\"bookmark\">Read More &raquo;<span class=\"screen-reader-text\">How To Take Indigo Hyphae<\/span><\/a><\/p>\n","protected":false},"author":1,"featured_media":0,"parent":0,"menu_order":0,"comment_status":"closed","ping_status":"closed","template":"","meta":{"neve_meta_sidebar":"default","neve_meta_container":"","neve_meta_enable_content_width":"off","neve_meta_content_width":100,"neve_meta_title_alignment":"","neve_meta_author_avatar":"","neve_post_elements_order":"","neve_meta_disable_header":"","neve_meta_disable_footer":"","neve_meta_disable_title":""},"_links":{"self":[{"href":"https:\/\/www.nerding.at\/indigo_hyphae\/wp-json\/wp\/v2\/pages\/511"}],"collection":[{"href":"https:\/\/www.nerding.at\/indigo_hyphae\/wp-json\/wp\/v2\/pages"}],"about":[{"href":"https:\/\/www.nerding.at\/indigo_hyphae\/wp-json\/wp\/v2\/types\/page"}],"author":[{"embeddable":true,"href":"https:\/\/www.nerding.at\/indigo_hyphae\/wp-json\/wp\/v2\/users\/1"}],"replies":[{"embeddable":true,"href":"https:\/\/www.nerding.at\/indigo_hyphae\/wp-json\/wp\/v2\/comments?post=511"}],"version-history":[{"count":15,"href":"https:\/\/www.nerding.at\/indigo_hyphae\/wp-json\/wp\/v2\/pages\/511\/revisions"}],"predecessor-version":[{"id":669,"href":"https:\/\/www.nerding.at\/indigo_hyphae\/wp-json\/wp\/v2\/pages\/511\/revisions\/669"}],"wp:attachment":[{"href":"https:\/\/www.nerding.at\/indigo_hyphae\/wp-json\/wp\/v2\/media?parent=511"}],"curies":[{"name":"wp","href":"https:\/\/api.w.org\/{rel}","templated":true}]}}